{"id":263,"date":"2019-05-09T16:33:11","date_gmt":"2019-05-09T16:33:11","guid":{"rendered":"http:\/\/jardinchile.cl\/web\/?post_type=product&#038;p=263"},"modified":"2022-10-19T20:07:45","modified_gmt":"2022-10-19T20:07:45","slug":"veronica-buxifolia","status":"publish","type":"product","link":"https:\/\/jardinchile.cl\/web\/producto\/veronica-buxifolia\/","title":{"rendered":"Ver\u00f3nica andersonii"},"content":{"rendered":"<p>La foto es referencial. Puede variar segun la estaci\u00f3n del a\u00f1o.<\/p>\n<p>Puede alcanzar un volumen de 1,5 mt. si no se poda. Es de f\u00e1cil mantenci\u00f3n, larga floraci\u00f3n, violeta.<\/p>\n","protected":false},"excerpt":{"rendered":"<p>Nombre cient\u00edfico: Hebe buxifolia<\/p>\n<p>Nombre com\u00fan: Ver\u00f3nica<\/p>\n<p>Familia: Scrophulariaceae<\/p>\n<p>Origen: Nueva Zelanda<\/p>\n<p>Exposici\u00f3n solar: Se adapta bien en sol o semisombra.<\/p>\n<p>Tipo de hoja: Arbusto de hoja perenne.<\/p>\n<p>Velocidad de crecimiento: Crecimiento r\u00e1pido.<\/p>\n<p>Floraci\u00f3n: Florece desde comienzos del verano hasta el oto\u00f1o.<\/p>\n","protected":false},"featured_media":265,"comment_status":"closed","ping_status":"closed","template":"","meta":{"saved_in_kubio":false,"_uag_custom_page_level_css":"","site-sidebar-layout":"default","site-content-layout":"default","ast-site-content-layout":"default","site-content-style":"default","site-sidebar-style":"default","ast-global-header-display":"","ast-banner-title-visibility":"","ast-main-header-display":"","ast-hfb-above-header-display":"","ast-hfb-below-header-display":"","ast-hfb-mobile-header-display":"","site-post-title":"","ast-breadcrumbs-content":"","ast-featured-img":"","footer-sml-layout":"","ast-disable-related-posts":"","theme-transparent-header-meta":"default","adv-header-id-meta":"","stick-header-meta":"","header-above-stick-meta":"","header-main-stick-meta":"","header-below-stick-meta":"","astra-migrate-meta-layouts":"default","ast-page-background-enabled":"default","ast-page-background-meta":{"desktop":{"background-color":"var(--ast-global-color-4)","background-image":"","background-repeat":"repeat","background-position":"center center","background-size":"auto","background-attachment":"scroll","background-type":"","background-media":"","overlay-type":"","overlay-color":"","overlay-opacity":"","overlay-gradient":""},"tablet":{"background-color":"","background-image":"","background-repeat":"repeat","background-position":"center center","background-size":"auto","background-attachment":"scroll","background-type":"","background-media":"","overlay-type":"","overlay-color":"","overlay-opacity":"","overlay-gradient":""},"mobile":{"background-color":"","background-image":"","background-repeat":"repeat","background-position":"center center","background-size":"auto","background-attachment":"scroll","background-type":"","background-media":"","overlay-type":"","overlay-color":"","overlay-opacity":"","overlay-gradient":""}},"ast-content-background-meta":{"desktop":{"background-color":"var(--ast-global-color-5)","background-image":"","background-repeat":"repeat","background-position":"center center","background-size":"auto","background-attachment":"scroll","background-type":"","background-media":"","overlay-type":"","overlay-color":"","overlay-opacity":"","overlay-gradient":""},"tablet":{"background-color":"var(--ast-global-color-5)","background-image":"","background-repeat":"repeat","background-position":"center center","background-size":"auto","background-attachment":"scroll","background-type":"","background-media":"","overlay-type":"","overlay-color":"","overlay-opacity":"","overlay-gradient":""},"mobile":{"background-color":"var(--ast-global-color-5)","background-image":"","background-repeat":"repeat","background-position":"center center","background-size":"auto","background-attachment":"scroll","background-type":"","background-media":"","overlay-type":"","overlay-color":"","overlay-opacity":"","overlay-gradient":""}}},"product_brand":[],"product_cat":[30],"product_tag":[],"class_list":{"0":"post-263","1":"product","2":"type-product","3":"status-publish","4":"has-post-thumbnail","6":"product_cat-arbusto","7":"desktop-align-left","8":"tablet-align-left","9":"mobile-align-left","11":"first","12":"instock","13":"shipping-taxable","14":"product-type-simple"},"uagb_featured_image_src":{"full":["https:\/\/jardinchile.cl\/web\/wp-content\/uploads\/2019\/05\/plantas-de-veronica-morada.jpg",1200,675,false],"thumbnail":["https:\/\/jardinchile.cl\/web\/wp-content\/uploads\/2019\/05\/plantas-de-veronica-morada.jpg",150,84,false],"medium":["https:\/\/jardinchile.cl\/web\/wp-content\/uploads\/2019\/05\/plantas-de-veronica-morada.jpg",300,169,false],"medium_large":["https:\/\/jardinchile.cl\/web\/wp-content\/uploads\/2019\/05\/plantas-de-veronica-morada.jpg",768,432,false],"large":["https:\/\/jardinchile.cl\/web\/wp-content\/uploads\/2019\/05\/plantas-de-veronica-morada.jpg",1024,576,false],"1536x1536":["https:\/\/jardinchile.cl\/web\/wp-content\/uploads\/2019\/05\/plantas-de-veronica-morada.jpg",1200,675,false],"2048x2048":["https:\/\/jardinchile.cl\/web\/wp-content\/uploads\/2019\/05\/plantas-de-veronica-morada.jpg",1200,675,false],"kubio-fullhd":["https:\/\/jardinchile.cl\/web\/wp-content\/uploads\/2019\/05\/plantas-de-veronica-morada.jpg",1200,675,false],"woocommerce_thumbnail":["https:\/\/jardinchile.cl\/web\/wp-content\/uploads\/2019\/05\/plantas-de-veronica-morada-208x229.jpg",208,229,true],"woocommerce_single":["https:\/\/jardinchile.cl\/web\/wp-content\/uploads\/2019\/05\/plantas-de-veronica-morada-600x338.jpg",600,338,true],"woocommerce_gallery_thumbnail":["https:\/\/jardinchile.cl\/web\/wp-content\/uploads\/2019\/05\/plantas-de-veronica-morada-100x100.jpg",100,100,true]},"uagb_author_info":{"display_name":"","author_link":"https:\/\/jardinchile.cl\/web\/author\/"},"uagb_comment_info":0,"uagb_excerpt":"Nombre cient\u00edfico: Hebe buxifolia Nombre com\u00fan: Ver\u00f3nica Familia: Scrophulariaceae Origen: Nueva Zelanda Exposici\u00f3n solar: Se adapta bien en sol o semisombra. Tipo de hoja: Arbusto de hoja perenne. Velocidad de crecimiento: Crecimiento r\u00e1pido. Floraci\u00f3n: Florece desde comienzos del verano hasta el oto\u00f1o.","_links":{"self":[{"href":"https:\/\/jardinchile.cl\/web\/wp-json\/wp\/v2\/product\/263","targetHints":{"allow":["GET"]}}],"collection":[{"href":"https:\/\/jardinchile.cl\/web\/wp-json\/wp\/v2\/product"}],"about":[{"href":"https:\/\/jardinchile.cl\/web\/wp-json\/wp\/v2\/types\/product"}],"replies":[{"embeddable":true,"href":"https:\/\/jardinchile.cl\/web\/wp-json\/wp\/v2\/comments?post=263"}],"wp:featuredmedia":[{"embeddable":true,"href":"https:\/\/jardinchile.cl\/web\/wp-json\/wp\/v2\/media\/265"}],"wp:attachment":[{"href":"https:\/\/jardinchile.cl\/web\/wp-json\/wp\/v2\/media?parent=263"}],"wp:term":[{"taxonomy":"product_brand","embeddable":true,"href":"https:\/\/jardinchile.cl\/web\/wp-json\/wp\/v2\/product_brand?post=263"},{"taxonomy":"product_cat","embeddable":true,"href":"https:\/\/jardinchile.cl\/web\/wp-json\/wp\/v2\/product_cat?post=263"},{"taxonomy":"product_tag","embeddable":true,"href":"https:\/\/jardinchile.cl\/web\/wp-json\/wp\/v2\/product_tag?post=263"}],"curies":[{"name":"wp","href":"https:\/\/api.w.org\/{rel}","templated":true}]}}