{"id":1493,"date":"2022-10-24T18:39:05","date_gmt":"2022-10-24T18:39:05","guid":{"rendered":"https:\/\/jardinchile.cl\/web\/?post_type=product&#038;p=1493"},"modified":"2024-01-05T12:41:26","modified_gmt":"2024-01-05T12:41:26","slug":"hortensias","status":"publish","type":"product","link":"https:\/\/jardinchile.cl\/web\/producto\/hortensias\/","title":{"rendered":"Hortensias"},"content":{"rendered":"<p>Arbusto hoja caduca. Florecen desde primavera hasta inicio de oto\u00f1o. Prefiere los suelos \u00e1cidos y ricos en materia org\u00e1nica. Son de sol y semisombra. Mantener el suelo h\u00famedo y bien drenado.<br \/>\nPlantas de m\u00e1s de 3 ejes.<br \/>\nVariedad de tipos y colores.<\/p>\n","protected":false},"excerpt":{"rendered":"<p>Arbusto hoja caduca. Florecen desde primavera hasta inicio de oto\u00f1o. Prefiere los suelos \u00e1cidos y ricos en materia org\u00e1nica. Son de sol y semisombra. Mantener el suelo h\u00famedo y bien drenado. Plantas de m\u00e1s de 3 ejes. Variedad de tipos y colores.<\/p>\n","protected":false},"featured_media":1639,"comment_status":"closed","ping_status":"closed","template":"","meta":{"saved_in_kubio":false,"_uag_custom_page_level_css":"","site-sidebar-layout":"default","site-content-layout":"default","ast-site-content-layout":"default","site-content-style":"default","site-sidebar-style":"default","ast-global-header-display":"","ast-banner-title-visibility":"","ast-main-header-display":"","ast-hfb-above-header-display":"","ast-hfb-below-header-display":"","ast-hfb-mobile-header-display":"","site-post-title":"","ast-breadcrumbs-content":"","ast-featured-img":"","footer-sml-layout":"","ast-disable-related-posts":"","theme-transparent-header-meta":"default","adv-header-id-meta":"","stick-header-meta":"","header-above-stick-meta":"","header-main-stick-meta":"","header-below-stick-meta":"","astra-migrate-meta-layouts":"set","ast-page-background-enabled":"default","ast-page-background-meta":{"desktop":{"background-color":"var(--ast-global-color-4)","background-image":"","background-repeat":"repeat","background-position":"center center","background-size":"auto","background-attachment":"scroll","background-type":"","background-media":"","overlay-type":"","overlay-color":"","overlay-opacity":"","overlay-gradient":""},"tablet":{"background-color":"","background-image":"","background-repeat":"repeat","background-position":"center center","background-size":"auto","background-attachment":"scroll","background-type":"","background-media":"","overlay-type":"","overlay-color":"","overlay-opacity":"","overlay-gradient":""},"mobile":{"background-color":"","background-image":"","background-repeat":"repeat","background-position":"center center","background-size":"auto","background-attachment":"scroll","background-type":"","background-media":"","overlay-type":"","overlay-color":"","overlay-opacity":"","overlay-gradient":""}},"ast-content-background-meta":{"desktop":{"background-color":"var(--ast-global-color-5)","background-image":"","background-repeat":"repeat","background-position":"center center","background-size":"auto","background-attachment":"scroll","background-type":"","background-media":"","overlay-type":"","overlay-color":"","overlay-opacity":"","overlay-gradient":""},"tablet":{"background-color":"var(--ast-global-color-5)","background-image":"","background-repeat":"repeat","background-position":"center center","background-size":"auto","background-attachment":"scroll","background-type":"","background-media":"","overlay-type":"","overlay-color":"","overlay-opacity":"","overlay-gradient":""},"mobile":{"background-color":"var(--ast-global-color-5)","background-image":"","background-repeat":"repeat","background-position":"center center","background-size":"auto","background-attachment":"scroll","background-type":"","background-media":"","overlay-type":"","overlay-color":"","overlay-opacity":"","overlay-gradient":""}}},"product_brand":[],"product_cat":[30],"product_tag":[],"class_list":{"0":"post-1493","1":"product","2":"type-product","3":"status-publish","4":"has-post-thumbnail","6":"product_cat-arbusto","7":"desktop-align-left","8":"tablet-align-left","9":"mobile-align-left","11":"first","12":"instock","13":"shipping-taxable","14":"product-type-simple"},"uagb_featured_image_src":{"full":["https:\/\/jardinchile.cl\/web\/wp-content\/uploads\/2022\/10\/IMG_7301-scaled.jpeg",1536,2048,false],"thumbnail":["https:\/\/jardinchile.cl\/web\/wp-content\/uploads\/2022\/10\/IMG_7301-150x150.jpeg",150,150,true],"medium":["https:\/\/jardinchile.cl\/web\/wp-content\/uploads\/2022\/10\/IMG_7301-225x300.jpeg",225,300,true],"medium_large":["https:\/\/jardinchile.cl\/web\/wp-content\/uploads\/2022\/10\/IMG_7301-768x1024.jpeg",768,1024,true],"large":["https:\/\/jardinchile.cl\/web\/wp-content\/uploads\/2022\/10\/IMG_7301-768x1024.jpeg",768,1024,true],"1536x1536":["https:\/\/jardinchile.cl\/web\/wp-content\/uploads\/2022\/10\/IMG_7301-1152x1536.jpeg",1152,1536,true],"2048x2048":["https:\/\/jardinchile.cl\/web\/wp-content\/uploads\/2022\/10\/IMG_7301-1536x2048.jpeg",1536,2048,true],"kubio-fullhd":["https:\/\/jardinchile.cl\/web\/wp-content\/uploads\/2022\/10\/IMG_7301-810x1080.jpeg",810,1080,true],"woocommerce_thumbnail":["https:\/\/jardinchile.cl\/web\/wp-content\/uploads\/2022\/10\/IMG_7301-208x229.jpeg",208,229,true],"woocommerce_single":["https:\/\/jardinchile.cl\/web\/wp-content\/uploads\/2022\/10\/IMG_7301-600x800.jpeg",600,800,true],"woocommerce_gallery_thumbnail":["https:\/\/jardinchile.cl\/web\/wp-content\/uploads\/2022\/10\/IMG_7301-100x100.jpeg",100,100,true]},"uagb_author_info":{"display_name":"Maite Ojeda","author_link":"https:\/\/jardinchile.cl\/web\/author\/"},"uagb_comment_info":0,"uagb_excerpt":"Arbusto hoja caduca. Florecen desde primavera hasta inicio de oto\u00f1o. Prefiere los suelos \u00e1cidos y ricos en materia org\u00e1nica. Son de sol y semisombra. Mantener el suelo h\u00famedo y bien drenado. Plantas de m\u00e1s de 3 ejes. Variedad de tipos y colores.","_links":{"self":[{"href":"https:\/\/jardinchile.cl\/web\/wp-json\/wp\/v2\/product\/1493","targetHints":{"allow":["GET"]}}],"collection":[{"href":"https:\/\/jardinchile.cl\/web\/wp-json\/wp\/v2\/product"}],"about":[{"href":"https:\/\/jardinchile.cl\/web\/wp-json\/wp\/v2\/types\/product"}],"replies":[{"embeddable":true,"href":"https:\/\/jardinchile.cl\/web\/wp-json\/wp\/v2\/comments?post=1493"}],"wp:featuredmedia":[{"embeddable":true,"href":"https:\/\/jardinchile.cl\/web\/wp-json\/wp\/v2\/media\/1639"}],"wp:attachment":[{"href":"https:\/\/jardinchile.cl\/web\/wp-json\/wp\/v2\/media?parent=1493"}],"wp:term":[{"taxonomy":"product_brand","embeddable":true,"href":"https:\/\/jardinchile.cl\/web\/wp-json\/wp\/v2\/product_brand?post=1493"},{"taxonomy":"product_cat","embeddable":true,"href":"https:\/\/jardinchile.cl\/web\/wp-json\/wp\/v2\/product_cat?post=1493"},{"taxonomy":"product_tag","embeddable":true,"href":"https:\/\/jardinchile.cl\/web\/wp-json\/wp\/v2\/product_tag?post=1493"}],"curies":[{"name":"wp","href":"https:\/\/api.w.org\/{rel}","templated":true}]}}