{"id":1445,"date":"2022-10-19T20:02:33","date_gmt":"2022-10-19T20:02:33","guid":{"rendered":"https:\/\/jardinchile.cl\/web\/?post_type=product&#038;p=1445"},"modified":"2022-10-19T20:02:35","modified_gmt":"2022-10-19T20:02:35","slug":"corona-del-poeta","status":"publish","type":"product","link":"https:\/\/jardinchile.cl\/web\/producto\/corona-del-poeta\/","title":{"rendered":"Corona del Poeta"},"content":{"rendered":"<p>La foto es referencial. Los tama\u00f1os pueden varias seg\u00fan la estaci\u00f3n del a\u00f1o.<\/p>\n","protected":false},"excerpt":{"rendered":"<p>La foto es referencial. Los tama\u00f1os pueden varias seg\u00fan la estaci\u00f3n del a\u00f1o.<\/p>\n","protected":false},"featured_media":1444,"comment_status":"closed","ping_status":"closed","template":"","meta":{"saved_in_kubio":false,"_uag_custom_page_level_css":"","site-sidebar-layout":"default","site-content-layout":"default","ast-site-content-layout":"default","site-content-style":"default","site-sidebar-style":"default","ast-global-header-display":"","ast-banner-title-visibility":"","ast-main-header-display":"","ast-hfb-above-header-display":"","ast-hfb-below-header-display":"","ast-hfb-mobile-header-display":"","site-post-title":"","ast-breadcrumbs-content":"","ast-featured-img":"","footer-sml-layout":"","ast-disable-related-posts":"","theme-transparent-header-meta":"default","adv-header-id-meta":"","stick-header-meta":"","header-above-stick-meta":"","header-main-stick-meta":"","header-below-stick-meta":"","astra-migrate-meta-layouts":"default","ast-page-background-enabled":"default","ast-page-background-meta":{"desktop":{"background-color":"var(--ast-global-color-4)","background-image":"","background-repeat":"repeat","background-position":"center center","background-size":"auto","background-attachment":"scroll","background-type":"","background-media":"","overlay-type":"","overlay-color":"","overlay-opacity":"","overlay-gradient":""},"tablet":{"background-color":"","background-image":"","background-repeat":"repeat","background-position":"center center","background-size":"auto","background-attachment":"scroll","background-type":"","background-media":"","overlay-type":"","overlay-color":"","overlay-opacity":"","overlay-gradient":""},"mobile":{"background-color":"","background-image":"","background-repeat":"repeat","background-position":"center center","background-size":"auto","background-attachment":"scroll","background-type":"","background-media":"","overlay-type":"","overlay-color":"","overlay-opacity":"","overlay-gradient":""}},"ast-content-background-meta":{"desktop":{"background-color":"var(--ast-global-color-5)","background-image":"","background-repeat":"repeat","background-position":"center center","background-size":"auto","background-attachment":"scroll","background-type":"","background-media":"","overlay-type":"","overlay-color":"","overlay-opacity":"","overlay-gradient":""},"tablet":{"background-color":"var(--ast-global-color-5)","background-image":"","background-repeat":"repeat","background-position":"center center","background-size":"auto","background-attachment":"scroll","background-type":"","background-media":"","overlay-type":"","overlay-color":"","overlay-opacity":"","overlay-gradient":""},"mobile":{"background-color":"var(--ast-global-color-5)","background-image":"","background-repeat":"repeat","background-position":"center center","background-size":"auto","background-attachment":"scroll","background-type":"","background-media":"","overlay-type":"","overlay-color":"","overlay-opacity":"","overlay-gradient":""}}},"product_brand":[],"product_cat":[30],"product_tag":[],"class_list":{"0":"post-1445","1":"product","2":"type-product","3":"status-publish","4":"has-post-thumbnail","6":"product_cat-arbusto","7":"desktop-align-left","8":"tablet-align-left","9":"mobile-align-left","11":"first","12":"instock","13":"shipping-taxable","14":"product-type-simple"},"uagb_featured_image_src":{"full":["https:\/\/jardinchile.cl\/web\/wp-content\/uploads\/2022\/10\/20221005_144732-2.jpg",1816,1416,false],"thumbnail":["https:\/\/jardinchile.cl\/web\/wp-content\/uploads\/2022\/10\/20221005_144732-2-150x150.jpg",150,150,true],"medium":["https:\/\/jardinchile.cl\/web\/wp-content\/uploads\/2022\/10\/20221005_144732-2-300x234.jpg",300,234,true],"medium_large":["https:\/\/jardinchile.cl\/web\/wp-content\/uploads\/2022\/10\/20221005_144732-2-768x599.jpg",768,599,true],"large":["https:\/\/jardinchile.cl\/web\/wp-content\/uploads\/2022\/10\/20221005_144732-2-1024x798.jpg",1024,798,true],"1536x1536":["https:\/\/jardinchile.cl\/web\/wp-content\/uploads\/2022\/10\/20221005_144732-2-1536x1198.jpg",1536,1198,true],"2048x2048":["https:\/\/jardinchile.cl\/web\/wp-content\/uploads\/2022\/10\/20221005_144732-2.jpg",1816,1416,false],"kubio-fullhd":["https:\/\/jardinchile.cl\/web\/wp-content\/uploads\/2022\/10\/20221005_144732-2-1385x1080.jpg",1385,1080,true],"woocommerce_thumbnail":["https:\/\/jardinchile.cl\/web\/wp-content\/uploads\/2022\/10\/20221005_144732-2-208x229.jpg",208,229,true],"woocommerce_single":["https:\/\/jardinchile.cl\/web\/wp-content\/uploads\/2022\/10\/20221005_144732-2-600x468.jpg",600,468,true],"woocommerce_gallery_thumbnail":["https:\/\/jardinchile.cl\/web\/wp-content\/uploads\/2022\/10\/20221005_144732-2-100x100.jpg",100,100,true]},"uagb_author_info":{"display_name":"Maite Ojeda","author_link":"https:\/\/jardinchile.cl\/web\/author\/"},"uagb_comment_info":0,"uagb_excerpt":"La foto es referencial. Los tama\u00f1os pueden varias seg\u00fan la estaci\u00f3n del a\u00f1o.","_links":{"self":[{"href":"https:\/\/jardinchile.cl\/web\/wp-json\/wp\/v2\/product\/1445","targetHints":{"allow":["GET"]}}],"collection":[{"href":"https:\/\/jardinchile.cl\/web\/wp-json\/wp\/v2\/product"}],"about":[{"href":"https:\/\/jardinchile.cl\/web\/wp-json\/wp\/v2\/types\/product"}],"replies":[{"embeddable":true,"href":"https:\/\/jardinchile.cl\/web\/wp-json\/wp\/v2\/comments?post=1445"}],"wp:featuredmedia":[{"embeddable":true,"href":"https:\/\/jardinchile.cl\/web\/wp-json\/wp\/v2\/media\/1444"}],"wp:attachment":[{"href":"https:\/\/jardinchile.cl\/web\/wp-json\/wp\/v2\/media?parent=1445"}],"wp:term":[{"taxonomy":"product_brand","embeddable":true,"href":"https:\/\/jardinchile.cl\/web\/wp-json\/wp\/v2\/product_brand?post=1445"},{"taxonomy":"product_cat","embeddable":true,"href":"https:\/\/jardinchile.cl\/web\/wp-json\/wp\/v2\/product_cat?post=1445"},{"taxonomy":"product_tag","embeddable":true,"href":"https:\/\/jardinchile.cl\/web\/wp-json\/wp\/v2\/product_tag?post=1445"}],"curies":[{"name":"wp","href":"https:\/\/api.w.org\/{rel}","templated":true}]}}