{"id":1218,"date":"2022-03-30T17:53:29","date_gmt":"2022-03-30T17:53:29","guid":{"rendered":"https:\/\/jardinchile.cl\/web\/?post_type=product&#038;p=1218"},"modified":"2022-11-04T15:58:54","modified_gmt":"2022-11-04T15:58:54","slug":"hemerocalli","status":"publish","type":"product","link":"https:\/\/jardinchile.cl\/web\/producto\/hemerocalli\/","title":{"rendered":"Hemerocalis"},"content":{"rendered":"<p>Planta de floraci\u00f3n a principios de la primavera hasta finales del verano, y permanece con muchas flores durante varias semanas.<\/p>\n<p>Las flores son grandes, con forma de trompeta, parecidas a los lirios.\u00a0 Son efectivas tambi\u00e9n para solucionar la erosi\u00f3n cultiv\u00e1ndola en las pendientes y para mantener grandes espacios libres de malezas.<\/p>\n<p>Es una planta de f\u00e1cil cultivo en cualquier tipo de suelo, bien drenado y en un lugar a pleno sol. Es tolerante a suelos pobres, a los veranos excesivamente c\u00e1lidos.<\/p>\n<p>&nbsp;<\/p>\n","protected":false},"excerpt":{"rendered":"<p>Planta de floraci\u00f3n a principios de la primavera hasta finales del verano, y permanece con muchas flores durante varias semanas. Las flores son grandes, con forma de trompeta, parecidas a los lirios.\u00a0 Son efectivas tambi\u00e9n para solucionar la erosi\u00f3n cultiv\u00e1ndola en las pendientes y para mantener grandes espacios libres de malezas. Es una planta de [&hellip;]<\/p>\n","protected":false},"featured_media":1565,"comment_status":"closed","ping_status":"closed","template":"","meta":{"saved_in_kubio":false,"_uag_custom_page_level_css":"","site-sidebar-layout":"default","site-content-layout":"default","ast-site-content-layout":"default","site-content-style":"default","site-sidebar-style":"default","ast-global-header-display":"","ast-banner-title-visibility":"","ast-main-header-display":"","ast-hfb-above-header-display":"","ast-hfb-below-header-display":"","ast-hfb-mobile-header-display":"","site-post-title":"","ast-breadcrumbs-content":"","ast-featured-img":"","footer-sml-layout":"","ast-disable-related-posts":"","theme-transparent-header-meta":"default","adv-header-id-meta":"","stick-header-meta":"","header-above-stick-meta":"","header-main-stick-meta":"","header-below-stick-meta":"","astra-migrate-meta-layouts":"default","ast-page-background-enabled":"default","ast-page-background-meta":{"desktop":{"background-color":"var(--ast-global-color-4)","background-image":"","background-repeat":"repeat","background-position":"center center","background-size":"auto","background-attachment":"scroll","background-type":"","background-media":"","overlay-type":"","overlay-color":"","overlay-opacity":"","overlay-gradient":""},"tablet":{"background-color":"","background-image":"","background-repeat":"repeat","background-position":"center center","background-size":"auto","background-attachment":"scroll","background-type":"","background-media":"","overlay-type":"","overlay-color":"","overlay-opacity":"","overlay-gradient":""},"mobile":{"background-color":"","background-image":"","background-repeat":"repeat","background-position":"center center","background-size":"auto","background-attachment":"scroll","background-type":"","background-media":"","overlay-type":"","overlay-color":"","overlay-opacity":"","overlay-gradient":""}},"ast-content-background-meta":{"desktop":{"background-color":"var(--ast-global-color-5)","background-image":"","background-repeat":"repeat","background-position":"center center","background-size":"auto","background-attachment":"scroll","background-type":"","background-media":"","overlay-type":"","overlay-color":"","overlay-opacity":"","overlay-gradient":""},"tablet":{"background-color":"var(--ast-global-color-5)","background-image":"","background-repeat":"repeat","background-position":"center center","background-size":"auto","background-attachment":"scroll","background-type":"","background-media":"","overlay-type":"","overlay-color":"","overlay-opacity":"","overlay-gradient":""},"mobile":{"background-color":"var(--ast-global-color-5)","background-image":"","background-repeat":"repeat","background-position":"center center","background-size":"auto","background-attachment":"scroll","background-type":"","background-media":"","overlay-type":"","overlay-color":"","overlay-opacity":"","overlay-gradient":""}}},"product_brand":[],"product_cat":[31],"product_tag":[],"class_list":{"0":"post-1218","1":"product","2":"type-product","3":"status-publish","4":"has-post-thumbnail","6":"product_cat-bulbo","7":"desktop-align-left","8":"tablet-align-left","9":"mobile-align-left","11":"first","12":"instock","13":"shipping-taxable","14":"product-type-simple"},"uagb_featured_image_src":{"full":["https:\/\/jardinchile.cl\/web\/wp-content\/uploads\/2022\/03\/Hemerocallis.webp",1300,975,false],"thumbnail":["https:\/\/jardinchile.cl\/web\/wp-content\/uploads\/2022\/03\/Hemerocallis-150x150.webp",150,150,true],"medium":["https:\/\/jardinchile.cl\/web\/wp-content\/uploads\/2022\/03\/Hemerocallis-300x225.webp",300,225,true],"medium_large":["https:\/\/jardinchile.cl\/web\/wp-content\/uploads\/2022\/03\/Hemerocallis-768x576.webp",768,576,true],"large":["https:\/\/jardinchile.cl\/web\/wp-content\/uploads\/2022\/03\/Hemerocallis-1024x768.webp",1024,768,true],"1536x1536":["https:\/\/jardinchile.cl\/web\/wp-content\/uploads\/2022\/03\/Hemerocallis.webp",1300,975,false],"2048x2048":["https:\/\/jardinchile.cl\/web\/wp-content\/uploads\/2022\/03\/Hemerocallis.webp",1300,975,false],"kubio-fullhd":["https:\/\/jardinchile.cl\/web\/wp-content\/uploads\/2022\/03\/Hemerocallis.webp",1300,975,false],"woocommerce_thumbnail":["https:\/\/jardinchile.cl\/web\/wp-content\/uploads\/2022\/03\/Hemerocallis-208x229.webp",208,229,true],"woocommerce_single":["https:\/\/jardinchile.cl\/web\/wp-content\/uploads\/2022\/03\/Hemerocallis-600x450.webp",600,450,true],"woocommerce_gallery_thumbnail":["https:\/\/jardinchile.cl\/web\/wp-content\/uploads\/2022\/03\/Hemerocallis-100x100.webp",100,100,true]},"uagb_author_info":{"display_name":"","author_link":"https:\/\/jardinchile.cl\/web\/author\/"},"uagb_comment_info":0,"uagb_excerpt":"Planta de floraci\u00f3n a principios de la primavera hasta finales del verano, y permanece con muchas flores durante varias semanas. Las flores son grandes, con forma de trompeta, parecidas a los lirios.\u00a0 Son efectivas tambi\u00e9n para solucionar la erosi\u00f3n cultiv\u00e1ndola en las pendientes y para mantener grandes espacios libres de malezas. Es una planta de&hellip;","_links":{"self":[{"href":"https:\/\/jardinchile.cl\/web\/wp-json\/wp\/v2\/product\/1218","targetHints":{"allow":["GET"]}}],"collection":[{"href":"https:\/\/jardinchile.cl\/web\/wp-json\/wp\/v2\/product"}],"about":[{"href":"https:\/\/jardinchile.cl\/web\/wp-json\/wp\/v2\/types\/product"}],"replies":[{"embeddable":true,"href":"https:\/\/jardinchile.cl\/web\/wp-json\/wp\/v2\/comments?post=1218"}],"wp:featuredmedia":[{"embeddable":true,"href":"https:\/\/jardinchile.cl\/web\/wp-json\/wp\/v2\/media\/1565"}],"wp:attachment":[{"href":"https:\/\/jardinchile.cl\/web\/wp-json\/wp\/v2\/media?parent=1218"}],"wp:term":[{"taxonomy":"product_brand","embeddable":true,"href":"https:\/\/jardinchile.cl\/web\/wp-json\/wp\/v2\/product_brand?post=1218"},{"taxonomy":"product_cat","embeddable":true,"href":"https:\/\/jardinchile.cl\/web\/wp-json\/wp\/v2\/product_cat?post=1218"},{"taxonomy":"product_tag","embeddable":true,"href":"https:\/\/jardinchile.cl\/web\/wp-json\/wp\/v2\/product_tag?post=1218"}],"curies":[{"name":"wp","href":"https:\/\/api.w.org\/{rel}","templated":true}]}}